{"id":4417,"date":"2020-10-05T12:39:25","date_gmt":"2020-10-05T10:39:25","guid":{"rendered":"https:\/\/i3us.us.es\/?page_id=4417"},"modified":"2024-07-01T13:01:12","modified_gmt":"2024-07-01T11:01:12","slug":"organizacion","status":"publish","type":"page","link":"https:\/\/i3us.us.es\/?page_id=4417","title":{"rendered":"Organizaci\u00f3n"},"content":{"rendered":"<div class=\"gb-container gb-container-86d4c5d0 alignfull\"><div class=\"gb-inside-container\">\n<div class=\"wp-block-image\">\n<figure class=\"aligncenter size-large\"><img decoding=\"async\" loading=\"lazy\" width=\"1024\" height=\"492\" src=\"https:\/\/i3us.us.es\/wp-content\/uploads\/2020\/10\/logoI3US-1024x492-1.png\" alt=\"\" class=\"wp-image-4409\" srcset=\"https:\/\/i3us.us.es\/wp-content\/uploads\/2020\/10\/logoI3US-1024x492-1.png 1024w, https:\/\/i3us.us.es\/wp-content\/uploads\/2020\/10\/logoI3US-1024x492-1-300x144.png 300w, https:\/\/i3us.us.es\/wp-content\/uploads\/2020\/10\/logoI3US-1024x492-1-768x369.png 768w\" sizes=\"(max-width: 1024px) 100vw, 1024px\" \/><\/figure><\/div>\n<\/div><\/div>\n\n<div class=\"gb-container gb-container-1c93c6e5 alignfull\"><div class=\"gb-inside-container\">\n<div class=\"gb-grid-wrapper gb-grid-wrapper-0e9a407a\">\n<div class=\"gb-grid-column gb-grid-column-45369af8\"><div class=\"gb-container gb-container-45369af8\"><div class=\"gb-inside-container\">\n\n<h3 class=\"gb-headline gb-headline-f2e677c6 gb-headline-text\">COMISI\u00d3N PERMANENTE<\/h3>\n\n<\/div><\/div><\/div>\n<\/div>\n<\/div><\/div>\n\n<div class=\"gb-container gb-container-5d433609 alignfull\"><div class=\"gb-inside-container\">\n<div class=\"gb-grid-wrapper gb-grid-wrapper-c877de9d\">\n<div class=\"gb-grid-column gb-grid-column-449b131f\"><div class=\"gb-container gb-container-449b131f\"><div class=\"gb-inside-container\">\n<div class=\"wp-block-image\">\n<figure class=\"aligncenter size-full\"><img decoding=\"async\" loading=\"lazy\" width=\"150\" height=\"150\" src=\"https:\/\/i3us.us.es\/wp-content\/uploads\/2024\/07\/PORTADA_J_RIQUELME.jpg\" alt=\"\" class=\"wp-image-5830\"\/><\/figure><\/div>\n\n\n<h4 class=\"gb-headline gb-headline-6f2412c3 gb-headline-text\">Jos\u00e9 C. <br>Riquelme Santos<\/h4>\n\n\n\n<h5 class=\"gb-headline gb-headline-e8ccea08 gb-headline-text\">Director<\/h5>\n\n<\/div><\/div><\/div>\n\n<div class=\"gb-grid-column gb-grid-column-477623bb\"><div class=\"gb-container gb-container-477623bb\"><div class=\"gb-inside-container\">\n<div class=\"wp-block-image\">\n<figure class=\"aligncenter size-full\"><img decoding=\"async\" loading=\"lazy\" width=\"150\" height=\"150\" src=\"https:\/\/i3us.us.es\/wp-content\/uploads\/2024\/07\/PORTADA_AGUSTIN_RISCOS.jpg\" alt=\"\" class=\"wp-image-5832\"\/><\/figure><\/div>\n\n\n<h4 class=\"gb-headline gb-headline-afacec6a gb-headline-text\">Agust\u00edn<br>Riscos N\u00fa\u00f1ez<\/h4>\n\n\n\n<h5 class=\"gb-headline gb-headline-429afd39 gb-headline-text\">Subdirector<\/h5>\n\n<\/div><\/div><\/div>\n\n<div class=\"gb-grid-column gb-grid-column-e0c6bee5\"><div class=\"gb-container gb-container-e0c6bee5\"><div class=\"gb-inside-container\">\n<div class=\"wp-block-image\">\n<figure class=\"aligncenter size-full\"><img decoding=\"async\" loading=\"lazy\" width=\"160\" height=\"156\" src=\"https:\/\/i3us.us.es\/wp-content\/uploads\/2024\/07\/mc_web.jpg\" alt=\"\" class=\"wp-image-5833\"\/><\/figure><\/div>\n\n\n<h4 class=\"gb-headline gb-headline-182e1f52 gb-headline-text\">M\u00aa Carmen<br>Romero Ternero<\/h4>\n\n\n\n<h5 class=\"gb-headline gb-headline-b5c3a366 gb-headline-text\">Representante ETSII<\/h5>\n\n<\/div><\/div><\/div>\n\n<div class=\"gb-grid-column gb-grid-column-6357fd43\"><div class=\"gb-container gb-container-6357fd43\"><div class=\"gb-inside-container\">\n<div class=\"wp-block-image\">\n<figure class=\"aligncenter size-large\"><img decoding=\"async\" loading=\"lazy\" width=\"150\" height=\"150\" src=\"https:\/\/i3us.us.es\/wp-content\/uploads\/2020\/04\/PORTADA_J_RIQUELME.jpg\" alt=\"\" class=\"wp-image-3331\"\/><\/figure><\/div>\n\n\n<h4 class=\"gb-headline gb-headline-72a4e13a gb-headline-text\">Jos\u00e9 C.<br>Riquelme Santos<\/h4>\n\n\n\n<h5 class=\"gb-headline gb-headline-d7d03189 gb-headline-text\">Programa doctorado<br><\/h5>\n\n<\/div><\/div><\/div>\n\n<div class=\"gb-grid-column gb-grid-column-fbff685d\"><div class=\"gb-container gb-container-fbff685d\"><div class=\"gb-inside-container\">\n<div class=\"wp-block-image\">\n<figure class=\"aligncenter size-thumbnail\"><img decoding=\"async\" loading=\"lazy\" width=\"150\" height=\"150\" src=\"https:\/\/i3us.us.es\/wp-content\/uploads\/2024\/07\/Damian-lsi-1-150x150.png\" alt=\"\" class=\"wp-image-5835\"\/><\/figure><\/div>\n\n\n<h4 class=\"gb-headline gb-headline-36bacfef gb-headline-text\">Dami\u00e1n<br>Fern\u00e1ndez Cerero<\/h4>\n\n\n\n<h5 class=\"gb-headline gb-headline-d83a5fa3 gb-headline-text\">Secretario<\/h5>\n\n<\/div><\/div><\/div>\n<\/div>\n<\/div><\/div>\n\n<div class=\"gb-container gb-container-de24b52a alignfull\"><div class=\"gb-inside-container\">\n<div class=\"gb-grid-wrapper gb-grid-wrapper-bdd250bc\">\n<div class=\"gb-grid-column gb-grid-column-33259473\"><div class=\"gb-container gb-container-33259473\"><div class=\"gb-inside-container\">\n\n<h3 class=\"gb-headline gb-headline-9248164f gb-headline-text\">COMISI\u00d3N CIENT\u00cdFICA<\/h3>\n\n<\/div><\/div><\/div>\n<\/div>\n<\/div><\/div>\n\n<div class=\"gb-container gb-container-470f1646 alignfull\"><div class=\"gb-inside-container\">\n<div class=\"gb-grid-wrapper gb-grid-wrapper-5f106c9f\">\n<div class=\"gb-grid-column gb-grid-column-77e876f3\"><div class=\"gb-container gb-container-77e876f3\"><div class=\"gb-inside-container\">\n<div class=\"wp-block-image\">\n<figure class=\"aligncenter size-large\"><img decoding=\"async\" loading=\"lazy\" width=\"150\" height=\"150\" src=\"https:\/\/i3us.us.es\/wp-content\/uploads\/2020\/04\/PORTADA_MARIO_JIMENEZ.jpg\" alt=\"\" class=\"wp-image-3338\"\/><\/figure><\/div>\n\n\n<h4 class=\"gb-headline gb-headline-86f849bd gb-headline-text\">Mario P\u00e9rez Jim\u00e9nez<\/h4>\n\n<\/div><\/div><\/div>\n\n<div class=\"gb-grid-column gb-grid-column-ffe7900b\"><div class=\"gb-container gb-container-ffe7900b\"><div class=\"gb-inside-container\">\n<div class=\"wp-block-image\">\n<figure class=\"aligncenter size-large\"><img decoding=\"async\" loading=\"lazy\" width=\"150\" height=\"150\" src=\"https:\/\/i3us.us.es\/wp-content\/uploads\/2020\/04\/PORTADA_CARLOS_LEON.jpg\" alt=\"\" class=\"wp-image-3337\"\/><\/figure><\/div>\n\n\n<h4 class=\"gb-headline gb-headline-9dce9713 gb-headline-text\">Carlos Le\u00f3n de Mora<br><\/h4>\n\n<\/div><\/div><\/div>\n\n<div class=\"gb-grid-column gb-grid-column-adb8e70e\"><div class=\"gb-container gb-container-adb8e70e\"><div class=\"gb-inside-container\">\n<div class=\"wp-block-image\">\n<figure class=\"aligncenter size-large\"><img decoding=\"async\" loading=\"lazy\" width=\"150\" height=\"150\" src=\"https:\/\/i3us.us.es\/wp-content\/uploads\/2020\/04\/PORTADA_ANTON_CIVIT.jpg\" alt=\"\" class=\"wp-image-3336\"\/><\/figure><\/div>\n\n\n<h4 class=\"gb-headline gb-headline-5a62a1e7 gb-headline-text\">Ant\u00f3n C\u00edvit Ballcells<br><\/h4>\n\n<\/div><\/div><\/div>\n\n<div class=\"gb-grid-column gb-grid-column-fef30a47\"><div class=\"gb-container gb-container-fef30a47\"><div class=\"gb-inside-container\">\n<div class=\"wp-block-image\">\n<figure class=\"aligncenter size-large is-resized\"><img decoding=\"async\" loading=\"lazy\" src=\"https:\/\/i3us.us.es\/wp-content\/uploads\/2019\/12\/MJEscalona.jpg\" alt=\"\" class=\"wp-image-2765\" style=\"width:150px;height:150px\" width=\"150\" height=\"150\" srcset=\"https:\/\/i3us.us.es\/wp-content\/uploads\/2019\/12\/MJEscalona.jpg 170w, https:\/\/i3us.us.es\/wp-content\/uploads\/2019\/12\/MJEscalona-150x150.jpg 150w\" sizes=\"(max-width: 150px) 100vw, 150px\" \/><\/figure><\/div>\n\n\n<h4 class=\"gb-headline gb-headline-ddc7e82e gb-headline-text\">Mar\u00eda Jos\u00e9 Escalona Cuaresma<\/h4>\n\n<\/div><\/div><\/div>\n\n<div class=\"gb-grid-column gb-grid-column-a3daa694\"><div class=\"gb-container gb-container-a3daa694\"><div class=\"gb-inside-container\">\n<div class=\"wp-block-image\">\n<figure class=\"aligncenter size-large\"><img decoding=\"async\" loading=\"lazy\" width=\"150\" height=\"150\" src=\"https:\/\/i3us.us.es\/wp-content\/uploads\/2020\/04\/PORTADA_ALEJANDRO_LINARES.jpg\" alt=\"\" class=\"wp-image-3335\"\/><\/figure><\/div>\n\n\n<h4 class=\"gb-headline gb-headline-ac177c87 gb-headline-text\">Alejandro Linares Barranco<\/h4>\n\n<\/div><\/div><\/div>\n<\/div>\n<\/div><\/div>\n\n<div class=\"gb-container gb-container-60c9a5ff alignfull\"><div class=\"gb-inside-container\">\n<div class=\"gb-grid-wrapper gb-grid-wrapper-bf5cd5ea\">\n<div class=\"gb-grid-column gb-grid-column-c96e2dab\"><div class=\"gb-container gb-container-c96e2dab\"><div class=\"gb-inside-container\">\n\n<h3 class=\"gb-headline gb-headline-1081f8f1 gb-headline-text\">ADMINISTRACI\u00d3N<\/h3>\n\n<\/div><\/div><\/div>\n<\/div>\n<\/div><\/div>\n\n<div class=\"gb-container gb-container-b016f196 alignfull\"><div class=\"gb-inside-container\">\n<div class=\"gb-grid-wrapper gb-grid-wrapper-a479dbfa\">\n<div class=\"gb-grid-column gb-grid-column-574edaec\"><div class=\"gb-container gb-container-574edaec\"><div class=\"gb-inside-container\">\n<div class=\"wp-block-image\">\n<figure class=\"aligncenter size-large\"><img decoding=\"async\" loading=\"lazy\" width=\"150\" height=\"150\" src=\"https:\/\/i3us.us.es\/wp-content\/uploads\/2020\/06\/carolina.jpg\" alt=\"\" class=\"wp-image-4057\"\/><\/figure><\/div>\n\n\n<h4 class=\"gb-headline gb-headline-8abddf4d gb-headline-text\">Carolina Gonz\u00e1lez Gonz\u00e1lez<\/h4>\n\n\n\n<h5 class=\"gb-headline gb-headline-0a1ecfb7 gb-headline-text\">Asistente econ\u00f3mica<br><\/h5>\n\n<\/div><\/div><\/div>\n<\/div>\n<\/div><\/div>","protected":false},"excerpt":{"rendered":"","protected":false},"author":1,"featured_media":0,"parent":0,"menu_order":0,"comment_status":"closed","ping_status":"closed","template":"","meta":{"footnotes":""},"_links":{"self":[{"href":"https:\/\/i3us.us.es\/index.php?rest_route=\/wp\/v2\/pages\/4417"}],"collection":[{"href":"https:\/\/i3us.us.es\/index.php?rest_route=\/wp\/v2\/pages"}],"about":[{"href":"https:\/\/i3us.us.es\/index.php?rest_route=\/wp\/v2\/types\/page"}],"author":[{"embeddable":true,"href":"https:\/\/i3us.us.es\/index.php?rest_route=\/wp\/v2\/users\/1"}],"replies":[{"embeddable":true,"href":"https:\/\/i3us.us.es\/index.php?rest_route=%2Fwp%2Fv2%2Fcomments&post=4417"}],"version-history":[{"count":12,"href":"https:\/\/i3us.us.es\/index.php?rest_route=\/wp\/v2\/pages\/4417\/revisions"}],"predecessor-version":[{"id":5836,"href":"https:\/\/i3us.us.es\/index.php?rest_route=\/wp\/v2\/pages\/4417\/revisions\/5836"}],"wp:attachment":[{"href":"https:\/\/i3us.us.es\/index.php?rest_route=%2Fwp%2Fv2%2Fmedia&parent=4417"}],"curies":[{"name":"wp","href":"https:\/\/api.w.org\/{rel}","templated":true}]}}