{"id":4504,"date":"2020-10-06T19:37:51","date_gmt":"2020-10-06T17:37:51","guid":{"rendered":"https:\/\/i3us.us.es\/?page_id=4504"},"modified":"2021-01-11T12:27:40","modified_gmt":"2021-01-11T11:27:40","slug":"la-historia-del-i3us","status":"publish","type":"page","link":"https:\/\/i3us.us.es\/?page_id=4504","title":{"rendered":"La Historia del I3US"},"content":{"rendered":"<div class=\"gb-container gb-container-86d4c5d0 alignfull\"><div class=\"gb-inside-container\">\n\n<div class=\"wp-block-image\"><figure class=\"aligncenter size-large\"><img decoding=\"async\" loading=\"lazy\" width=\"1024\" height=\"492\" src=\"https:\/\/i3us.us.es\/wp-content\/uploads\/2020\/10\/logoI3US-1024x492-1.png\" alt=\"\" class=\"wp-image-4409\" srcset=\"https:\/\/i3us.us.es\/wp-content\/uploads\/2020\/10\/logoI3US-1024x492-1.png 1024w, https:\/\/i3us.us.es\/wp-content\/uploads\/2020\/10\/logoI3US-1024x492-1-300x144.png 300w, https:\/\/i3us.us.es\/wp-content\/uploads\/2020\/10\/logoI3US-1024x492-1-768x369.png 768w\" sizes=\"(max-width: 1024px) 100vw, 1024px\" \/><\/figure><\/div>\n\n<\/div><\/div>\n\n<div class=\"gb-container gb-container-2f58f99a alignfull\"><div class=\"gb-inside-container\">\n<div class=\"gb-grid-wrapper gb-grid-wrapper-69026156\">\n<div class=\"gb-grid-column gb-grid-column-df0ac70d\"><div class=\"gb-container gb-container-df0ac70d\"><div class=\"gb-inside-container\">\n\n<h3 class=\"gb-headline gb-headline-14fe1645 gb-headline-text\">Hitos hist\u00f3ricos<\/h3>\n\n<\/div><\/div><\/div>\n<\/div>\n<\/div><\/div>\n\n<div class=\"gb-container gb-container-1e5f2f37 alignfull\"><div class=\"gb-inside-container\">\n<div class=\"gb-grid-wrapper gb-grid-wrapper-9c04fb04\">\n<div class=\"gb-grid-column gb-grid-column-16bfa4ed\"><div class=\"gb-container gb-container-16bfa4ed\"><div class=\"gb-inside-container\">\n\n<h3 class=\"gb-headline gb-headline-9a343d8c gb-headline-text\">Diciembre 2016<\/h3>\n\n\n<div class=\"gb-grid-column gb-grid-column-4906a2e1\"><div class=\"gb-container gb-container-4906a2e1\"><div class=\"gb-inside-container\">\n\n<h3 class=\"gb-headline gb-headline-0894e99e gb-headline-text\">Solicitud de creaci\u00f3n<\/h3>\n\n\n\n<p class=\"gb-headline gb-headline-99b11202 gb-headline-text\">La solicitud de creaci\u00f3n del I3US fue entregada al Vicerrector de Investigaci\u00f3n de la Universidad de Sevilla, para su consideraci\u00f3n en Consejo de Gobierno<br><\/p>\n\n<\/div><\/div><\/div>\n<\/div><\/div><\/div>\n<\/div>\n<\/div><\/div>\n\n<div class=\"gb-container gb-container-885b4e22 alignfull\"><div class=\"gb-inside-container\">\n<div class=\"gb-grid-wrapper gb-grid-wrapper-59701f5f\">\n<div class=\"gb-grid-column gb-grid-column-6fcf5655\"><div class=\"gb-container gb-container-6fcf5655\"><div class=\"gb-inside-container\">\n\n<h3 class=\"gb-headline gb-headline-2abe3c18 gb-headline-text\">23 de mayo 2017<\/h3>\n\n\n<div class=\"gb-grid-column gb-grid-column-1b88dd17\"><div class=\"gb-container gb-container-1b88dd17\"><div class=\"gb-inside-container\">\n\n<h3 class=\"gb-headline gb-headline-72c65fe7 gb-headline-text\">Propuesta de creaci\u00f3n<\/h3>\n\n\n\n<p class=\"gb-headline gb-headline-75a2effa gb-headline-text\">Se acord\u00f3 por asentimiento proponer la creaci\u00f3n del I3US y remitir dicho acuerdo para su informe, entre otros \u00f3rganos, a la Secretaria General de Universidades, Investigaci\u00f3n y Tecnolog\u00eda de la Consejer\u00eda de Econom\u00eda y Conocimiento de la Junta de Andaluc\u00eda.<br><\/p>\n\n<\/div><\/div><\/div>\n<\/div><\/div><\/div>\n<\/div>\n<\/div><\/div>\n\n<div class=\"gb-container gb-container-a3e61f85 alignfull\"><div class=\"gb-inside-container\">\n<div class=\"gb-grid-wrapper gb-grid-wrapper-b198b549\">\n<div class=\"gb-grid-column gb-grid-column-ba1db29f\"><div class=\"gb-container gb-container-ba1db29f\"><div class=\"gb-inside-container\">\n\n<h3 class=\"gb-headline gb-headline-444e3d6a gb-headline-text\">6 de febrero 2019<\/h3>\n\n\n<div class=\"gb-grid-column gb-grid-column-e0e2c9b1\"><div class=\"gb-container gb-container-e0e2c9b1\"><div class=\"gb-inside-container\">\n\n<h3 class=\"gb-headline gb-headline-f86199dc gb-headline-text\">Creaci\u00f3n del I3US<\/h3>\n\n\n\n<p class=\"gb-headline gb-headline-683cce71 gb-headline-text\">El Consejo de Gobierno de la Junta de Andaluc\u00eda, mediante el Decreto 490\/2019 (BOJA n\u00fam. 113 de 14 de junio de 2019), Art. 4, crea el Instituto Universitario de Investigaci\u00f3n de Ingenier\u00eda Inform\u00e1tica de la Universidad de Sevilla (I3US)<\/p>\n\n<\/div><\/div><\/div>\n<\/div><\/div><\/div>\n<\/div>\n<\/div><\/div>\n\n<div class=\"gb-container gb-container-ac4ce270 alignfull\"><div class=\"gb-inside-container\">\n<div class=\"gb-grid-wrapper gb-grid-wrapper-fe604ac2\">\n<div class=\"gb-grid-column gb-grid-column-14bce42e\"><div class=\"gb-container gb-container-14bce42e\"><div class=\"gb-inside-container\">\n\n<h3 class=\"gb-headline gb-headline-ee75d56b gb-headline-text\">24 de julio 2019<\/h3>\n\n\n<div class=\"gb-grid-column gb-grid-column-4eab0e1e\"><div class=\"gb-container gb-container-4eab0e1e\"><div class=\"gb-inside-container\">\n\n<h3 class=\"gb-headline gb-headline-51e27e2e gb-headline-text\">Puesta en marcha<\/h3>\n\n\n\n<p class=\"gb-headline gb-headline-3625a9c1 gb-headline-text\">Se nombra mediante Resoluci\u00f3n Rectoral al Profesor Dr. D. Miguel Toro Bonilla, Catedr\u00e1tico de Universidad del Departamento de Lenguajes y Sistemas Inform\u00e1ticos, Director Provisional del I3US.<br><\/p>\n\n<\/div><\/div><\/div>\n<\/div><\/div><\/div>\n<\/div>\n<\/div><\/div>\n\n<div class=\"gb-container gb-container-b403fddf alignfull\"><div class=\"gb-inside-container\">\n<div class=\"gb-grid-wrapper gb-grid-wrapper-025c43f9\">\n<div class=\"gb-grid-column gb-grid-column-03f4796e\"><div class=\"gb-container gb-container-03f4796e\"><div class=\"gb-inside-container\">\n\n<h3 class=\"gb-headline gb-headline-d369a25b gb-headline-text\">19 de septiembre 2019<\/h3>\n\n\n<div class=\"gb-grid-column gb-grid-column-8bcc052e\"><div class=\"gb-container gb-container-8bcc052e\"><div class=\"gb-inside-container\">\n\n<h3 class=\"gb-headline gb-headline-6cfa03ea gb-headline-text\">Nombramientos<\/h3>\n\n\n\n<p class=\"gb-headline gb-headline-6ad61157 gb-headline-text\">El Director Provisional, conforme al Art. 21 del Reglamento del I3US, propone al Rector nombrar al Profesor Dr. D. Antonio Ruiz Cort\u00e9s y al Profesor Dr. D. Agust\u00edn Riscos N\u00fa\u00f1ez, como Subdirector y Secretario respectivamente, del I3US.<br>Adicionalmente se forma la Comisi\u00f3n Permanente del I3US con la estructura fijada en el Art. 13 del reglamento del I3US, a saber: Director, Subdirector, Secretario, Coordinador del programa de doctorado de Ingenier\u00eda Inform\u00e1tica Profesor Dr. D. Jos\u00e9 Riquelme Santos y el Director de la ETSII Profesor Dr. D. Jos\u00e9 Luis Sevillano Ramos.<\/p>\n\n<\/div><\/div><\/div>\n<\/div><\/div><\/div>\n<\/div>\n<\/div><\/div>\n\n<div class=\"gb-container gb-container-1cd350f5 alignfull\"><div class=\"gb-inside-container\">\n<div class=\"gb-grid-wrapper gb-grid-wrapper-9913e528\">\n<div class=\"gb-grid-column gb-grid-column-f433b3e4\"><div class=\"gb-container gb-container-f433b3e4\"><div class=\"gb-inside-container\">\n\n<h3 class=\"gb-headline gb-headline-9cd051e2 gb-headline-text\">18 de diciembre 2019<\/h3>\n\n\n<div class=\"gb-grid-column gb-grid-column-10bb5e0b\"><div class=\"gb-container gb-container-10bb5e0b\"><div class=\"gb-inside-container\">\n\n<h3 class=\"gb-headline gb-headline-765dda76 gb-headline-text\">Nombramiento de la Comisi\u00f3n Cient\u00edfica<\/h3>\n\n\n\n<p class=\"gb-headline gb-headline-2da3a4e5 gb-headline-text\">La Comisi\u00f3n Permanente acuerda por asentimiento que el Director Provisional proponga al Rector nombrar la Comisi\u00f3n Cient\u00edfica del I3US con la estructura fijada en el Art. 14 del reglamento del I3US, a saber: los miembros de la Comisi\u00f3n Permanente m\u00e1s cinco miembros del Consejo con 3 o m\u00e1s sexenios de actividad investigadora y al menos 5 tesis doctorales dirigidas. Se proponen a los siguientes Profesores Doctores: Mario Jes\u00fas P\u00e9rez Jim\u00e9nez, Ant\u00f3n Civit Balcells, Carlos Le\u00f3n de Mora, Mar\u00eda Jos\u00e9 Escalona Cuaresma y Alejandro Linares Barranco.<\/p>\n\n<\/div><\/div><\/div>\n<\/div><\/div><\/div>\n<\/div>\n<\/div><\/div>\n\n<div class=\"gb-container gb-container-669c9f2f alignfull\"><div class=\"gb-inside-container\">\n<div class=\"gb-grid-wrapper gb-grid-wrapper-d535ca9b\">\n<div class=\"gb-grid-column gb-grid-column-d850f7c8\"><div class=\"gb-container gb-container-d850f7c8\"><div class=\"gb-inside-container\">\n\n<h3 class=\"gb-headline gb-headline-3ca0dd2d gb-headline-text\">Del 7 de febrero al 4 de marzo&nbsp;2020<\/h3>\n\n\n<div class=\"gb-grid-column gb-grid-column-068c3ecc\"><div class=\"gb-container gb-container-068c3ecc\"><div class=\"gb-inside-container\">\n\n<h3 class=\"gb-headline gb-headline-32463be9 gb-headline-text\">Plazo de admisi\u00f3n de miembros ordinarios<\/h3>\n\n\n\n<p class=\"gb-headline gb-headline-246fd213 gb-headline-text\">Abierto el plazo de presentaci\u00f3n de solicitudes para ser miembro ordinario del I3US.<br><\/p>\n\n<\/div><\/div><\/div>\n<\/div><\/div><\/div>\n<\/div>\n<\/div><\/div>","protected":false},"excerpt":{"rendered":"","protected":false},"author":1,"featured_media":0,"parent":0,"menu_order":0,"comment_status":"closed","ping_status":"closed","template":"","meta":{"footnotes":""},"_links":{"self":[{"href":"https:\/\/i3us.us.es\/index.php?rest_route=\/wp\/v2\/pages\/4504"}],"collection":[{"href":"https:\/\/i3us.us.es\/index.php?rest_route=\/wp\/v2\/pages"}],"about":[{"href":"https:\/\/i3us.us.es\/index.php?rest_route=\/wp\/v2\/types\/page"}],"author":[{"embeddable":true,"href":"https:\/\/i3us.us.es\/index.php?rest_route=\/wp\/v2\/users\/1"}],"replies":[{"embeddable":true,"href":"https:\/\/i3us.us.es\/index.php?rest_route=%2Fwp%2Fv2%2Fcomments&post=4504"}],"version-history":[{"count":7,"href":"https:\/\/i3us.us.es\/index.php?rest_route=\/wp\/v2\/pages\/4504\/revisions"}],"predecessor-version":[{"id":5452,"href":"https:\/\/i3us.us.es\/index.php?rest_route=\/wp\/v2\/pages\/4504\/revisions\/5452"}],"wp:attachment":[{"href":"https:\/\/i3us.us.es\/index.php?rest_route=%2Fwp%2Fv2%2Fmedia&parent=4504"}],"curies":[{"name":"wp","href":"https:\/\/api.w.org\/{rel}","templated":true}]}}