{"id":4549,"date":"2020-10-07T14:36:34","date_gmt":"2020-10-07T12:36:34","guid":{"rendered":"https:\/\/i3us.us.es\/?page_id=4549"},"modified":"2021-01-11T12:40:38","modified_gmt":"2021-01-11T11:40:38","slug":"vision-mision-y-valores","status":"publish","type":"page","link":"https:\/\/i3us.us.es\/?page_id=4549","title":{"rendered":"Visi\u00f3n, Misi\u00f3n y Valores"},"content":{"rendered":"<div class=\"gb-container gb-container-86d4c5d0 alignfull\"><div class=\"gb-inside-container\">\n\n<div class=\"wp-block-image\"><figure class=\"aligncenter size-large\"><img decoding=\"async\" loading=\"lazy\" width=\"1024\" height=\"492\" src=\"https:\/\/i3us.us.es\/wp-content\/uploads\/2020\/10\/logoI3US-1024x492-1.png\" alt=\"\" class=\"wp-image-4409\" srcset=\"https:\/\/i3us.us.es\/wp-content\/uploads\/2020\/10\/logoI3US-1024x492-1.png 1024w, https:\/\/i3us.us.es\/wp-content\/uploads\/2020\/10\/logoI3US-1024x492-1-300x144.png 300w, https:\/\/i3us.us.es\/wp-content\/uploads\/2020\/10\/logoI3US-1024x492-1-768x369.png 768w\" sizes=\"(max-width: 1024px) 100vw, 1024px\" \/><\/figure><\/div>\n\n<\/div><\/div>\n\n<div class=\"gb-container gb-container-c647c425 alignfull\"><div class=\"gb-inside-container\">\n\n<h3 class=\"gb-headline gb-headline-ad30eaf6 gb-headline-text\">VALORES<\/h3>\n\n<\/div><\/div>\n\n<div class=\"gb-container gb-container-06bd1a69 alignwide\"><div class=\"gb-inside-container\">\n<div class=\"gb-grid-wrapper gb-grid-wrapper-1cda0b71\">\n<div class=\"gb-grid-column gb-grid-column-4db83ea4\"><div class=\"gb-container gb-container-4db83ea4\"><div class=\"gb-inside-container\">\n\n<div class=\"wp-block-image\"><figure class=\"aligncenter size-large\"><img decoding=\"async\" loading=\"lazy\" width=\"744\" height=\"1024\" src=\"https:\/\/i3us.us.es\/wp-content\/uploads\/2020\/10\/Hanging-Paper-Poster-Mockup-PSD-1-744x1024.jpg\" alt=\"\" class=\"wp-image-4556\" srcset=\"https:\/\/i3us.us.es\/wp-content\/uploads\/2020\/10\/Hanging-Paper-Poster-Mockup-PSD-1-744x1024.jpg 744w, https:\/\/i3us.us.es\/wp-content\/uploads\/2020\/10\/Hanging-Paper-Poster-Mockup-PSD-1-218x300.jpg 218w, https:\/\/i3us.us.es\/wp-content\/uploads\/2020\/10\/Hanging-Paper-Poster-Mockup-PSD-1-768x1056.jpg 768w, https:\/\/i3us.us.es\/wp-content\/uploads\/2020\/10\/Hanging-Paper-Poster-Mockup-PSD-1.jpg 1097w\" sizes=\"(max-width: 744px) 100vw, 744px\" \/><\/figure><\/div>\n\n<\/div><\/div><\/div>\n\n<div class=\"gb-grid-column gb-grid-column-f55633e1\"><div class=\"gb-container gb-container-f55633e1\"><div class=\"gb-inside-container\">\n\n<h3 class=\"gb-headline gb-headline-6539e503 gb-headline-text\"><strong>Desarrollo individual<\/strong><\/h3>\n\n\n\n<p class=\"has-text-align-center\">Actuar de manera acorde a los&nbsp;<a href=\"https:\/\/%281%29https\/\/www.sistedes.es\/informes-recursos\/codigo-etico-y-practicas-profesionales\">c\u00f3digos \u00e9ticos<\/a>&nbsp;y de buenas pr\u00e1cticas de investigaci\u00f3n en general y de Ingenier\u00eda Inform\u00e1tica en particular.<\/p>\n\n\n\n<div style=\"height:38px\" aria-hidden=\"true\" class=\"wp-block-spacer\"><\/div>\n\n\n\n<h3 class=\"gb-headline gb-headline-647a778f gb-headline-text\"><strong>Trabajo en equipo<\/strong><\/h3>\n\n\n\n<p class=\"has-text-align-center\">Fomentar relaciones s\u00f3lidas que logren sinergias y alianzas que generen resultados multidisciplinares.<\/p>\n\n<\/div><\/div><\/div>\n\n<div class=\"gb-grid-column gb-grid-column-23a55e48\"><div class=\"gb-container gb-container-23a55e48\"><div class=\"gb-inside-container\">\n\n<h3 class=\"gb-headline gb-headline-6a38dd3d gb-headline-text\"><strong><strong>Calidad frente a cantidad<\/strong><\/strong><\/h3>\n\n\n\n<p class=\"has-text-align-center\">Fomentar la b\u00fasqueda de resultados que logren impacto real en entidades reales, incluso si eso supone sacrificar cantidad de resultados en pos de calidad.<\/p>\n\n\n\n<div style=\"height:38px\" aria-hidden=\"true\" class=\"wp-block-spacer\"><\/div>\n\n\n\n<h3 class=\"gb-headline gb-headline-1e0f130d gb-headline-text\"><strong>Servicio P\u00fablico<\/strong><\/h3>\n\n\n\n<p class=\"has-text-align-center\">Promocionar la investigaci\u00f3n universitaria, la innovaci\u00f3n y la transferencia de sus resultados al servicio de la sociedad.<\/p>\n\n<\/div><\/div><\/div>\n<\/div>\n\n<div class=\"gb-grid-wrapper gb-grid-wrapper-e051015c\">\n<div class=\"gb-grid-column gb-grid-column-943129ed\"><div class=\"gb-container gb-container-943129ed\"><div class=\"gb-inside-container\">\n<div class=\"gb-grid-column gb-grid-column-8407a0af\"><div class=\"gb-container gb-container-8407a0af\"><div class=\"gb-inside-container\"><\/div><\/div><\/div>\n<\/div><\/div><\/div>\n\n<div class=\"gb-grid-column gb-grid-column-776d83d4\"><div class=\"gb-container gb-container-776d83d4\"><div class=\"gb-inside-container\">\n\n<h3 class=\"gb-headline gb-headline-169e5646 gb-headline-text\"><strong>Agilidad<\/strong><br><\/h3>\n\n\n\n<p class=\"has-text-align-center\">Emplear soluciones \u00e1giles y eficaces que consigan resultados \u00f3ptimos.<\/p>\n\n<\/div><\/div><\/div>\n\n<div class=\"gb-grid-column gb-grid-column-00fdfb47\"><div class=\"gb-container gb-container-00fdfb47\"><div class=\"gb-inside-container\">\n\n<h3 class=\"gb-headline gb-headline-72756aa8 gb-headline-text\"><strong>Responsabilidad<\/strong><br><\/h3>\n\n\n\n<p class=\"has-text-align-center\">Esforzarnos por cumplir nuestra misi\u00f3n respetando nuestros valores.<\/p>\n\n<\/div><\/div><\/div>\n\n<div class=\"gb-grid-column gb-grid-column-3fc449ff\"><div class=\"gb-container gb-container-3fc449ff\"><div class=\"gb-inside-container\">\n<div class=\"gb-grid-column gb-grid-column-404574f1\"><div class=\"gb-container gb-container-404574f1\"><div class=\"gb-inside-container\">\n\n<h3 class=\"gb-headline gb-headline-44852d9b gb-headline-text\"><strong>\u00c9tico<br><\/strong><\/h3>\n\n\n\n<p class=\"has-text-align-center\">Actuar de manera acorde a los&nbsp;<a href=\"https:\/\/%281%29https\/\/www.sistedes.es\/informes-recursos\/codigo-etico-y-practicas-profesionales\">c\u00f3digos \u00e9ticos<\/a>&nbsp;y de buenas pr\u00e1cticas de investigaci\u00f3n en general y de Ingenier\u00eda Inform\u00e1tica en particular.<\/p>\n\n<\/div><\/div><\/div>\n<\/div><\/div><\/div>\n<\/div>\n<\/div><\/div>\n\n<div class=\"gb-container gb-container-c8b8e6cf alignfull\"><div class=\"gb-inside-container\">\n<div class=\"gb-grid-wrapper gb-grid-wrapper-6e9c53fb\">\n<div class=\"gb-grid-column gb-grid-column-bed78cde\"><div class=\"gb-container gb-container-bed78cde\"><div class=\"gb-inside-container\">\n\n<h3 class=\"gb-headline gb-headline-e6596808 gb-headline-text\">VISI\u00d3N<\/h3>\n\n<\/div><\/div><\/div>\n<\/div>\n<\/div><\/div>\n\n<div class=\"gb-container gb-container-79c639e2\"><div class=\"gb-inside-container\">\n\n<h3 class=\"gb-headline gb-headline-d13a5ba7 gb-headline-text\">La hip\u00f3tesis de partida del I3US es que la Ingenier\u00eda inform\u00e1tica est\u00e1 presente en casi todas las \u00e1reas de conocimiento, pero no se le saca todo el partido posible. Existe por tanto un amplio margen de mejora en las soluciones adoptadas para muchos problemas de Ingenier\u00eda Inform\u00e1tica y en particular en los que concurren la incertidumbre junto con la necesidad de consistencia y optimalidad, a saber:<\/h3>\n\n<\/div><\/div>\n\n<div class=\"gb-container gb-container-70b739b2 alignwide\"><div class=\"gb-inside-container\"><\/div><\/div>\n\n<div class=\"gb-container gb-container-336208f6 alignwide\"><div class=\"gb-inside-container\">\n<div class=\"gb-grid-wrapper gb-grid-wrapper-f55adf0b\">\n<div class=\"gb-grid-column gb-grid-column-37273c08\"><div class=\"gb-container gb-container-37273c08\"><div class=\"gb-inside-container\">\n\n<h3 class=\"gb-headline gb-headline-920ed5ce gb-headline-text\"><strong>Estrategia de transformaci\u00f3n<\/strong><\/h3>\n\n\n\n<p class=\"gb-headline gb-headline-b67fd288 gb-headline-text\">Cuando se precisa desarrollar una estrategia de transformaci\u00f3n en una situaci\u00f3n incierta o pobremente comprendida. Al ingeniero rara vez se le da un problema espec\u00edfico bien definido para resolver. Debe de concebir una estrategia de transformaci\u00f3n del problema a algo que se t\u00e9cnicamente manejable, similar y espec\u00edfico.<\/p>\n\n<\/div><\/div><\/div>\n\n<div class=\"gb-grid-column gb-grid-column-e68e7ced\"><div class=\"gb-container gb-container-e68e7ced\"><div class=\"gb-inside-container\">\n\n<h3 class=\"gb-headline gb-headline-c92de9cd gb-headline-text\"><strong>Disponibilidad de recursos<\/strong><\/h3>\n\n\n\n<p class=\"gb-headline gb-headline-8305a528 gb-headline-text\">La soluci\u00f3n deseada tiene que ser consistente con los recursos disponibles. Las restricciones f\u00edsicas, econ\u00f3micas y pol\u00edticas siempre existen. Estos recursos son una parte integral de la formulaci\u00f3n del problema y adem\u00e1s definen y restringen su soluci\u00f3n. Recursos diferentes implican soluciones distintas para los mismos problemas.<br><\/p>\n\n<\/div><\/div><\/div>\n\n<div class=\"gb-grid-column gb-grid-column-80393596\"><div class=\"gb-container gb-container-80393596\"><div class=\"gb-inside-container\">\n\n<h3 class=\"gb-headline gb-headline-53d951b5 gb-headline-text\"><strong>Soluci\u00f3n <\/strong><br><strong>\u00f3ptima<\/strong><\/h3>\n\n\n\n<p class=\"gb-headline gb-headline-caba256f gb-headline-text\">La soluci\u00f3n debe ser la mejor o, lo que t\u00e9cnicamente se denomina, la soluci\u00f3n \u00f3ptima acorde con los recursos de partida. Para ello el ingeniero debe tener en cuenta el problema completo, es decir, las restricciones que lo caracterizan, la visi\u00f3n del problema y los intereses de la sociedad o del usuario. Y entonces plantear la soluci\u00f3n.<\/p>\n\n<\/div><\/div><\/div>\n\n<div class=\"gb-grid-column gb-grid-column-8c9d0c79\"><div class=\"gb-container gb-container-8c9d0c79\"><div class=\"gb-inside-container\">\n\n<h3 class=\"gb-headline gb-headline-7d7d6068 gb-headline-text\"><strong>Soluciones <\/strong><br><strong>TIC<\/strong><\/h3>\n\n\n\n<p class=\"gb-headline gb-headline-ca7dcd5a gb-headline-text\">El Ingeniero Inform\u00e1tico debe aportar soluciones y estrategias de transformaci\u00f3n en todas las \u00e1reas donde las Tecnolog\u00edas de la Informaci\u00f3n y las Comunicaciones, las TICs, puedan ser aplicadas respetando los principios \u00e9ticos de la sociedad. Sin forzar la soluci\u00f3n y, a ser posible, que no supongan problemas nuevos que no exist\u00edan.<\/p>\n\n<\/div><\/div><\/div>\n<\/div>\n\n\n<h3 class=\"gb-headline gb-headline-41f8abe0 gb-headline-text\">Para lograr esta mejora se necesita:<\/h3>\n\n<\/div><\/div>\n\n<div class=\"gb-container gb-container-ebda4472 alignwide\"><div class=\"gb-inside-container\">\n\n<div class=\"wp-block-image\"><figure class=\"aligncenter size-large is-resized\"><img decoding=\"async\" loading=\"lazy\" src=\"https:\/\/i3us.us.es\/wp-content\/uploads\/2020\/10\/DynamicLeft-1024x819.jpg\" alt=\"\" class=\"wp-image-4557\" width=\"610\" height=\"488\" srcset=\"https:\/\/i3us.us.es\/wp-content\/uploads\/2020\/10\/DynamicLeft-1024x819.jpg 1024w, https:\/\/i3us.us.es\/wp-content\/uploads\/2020\/10\/DynamicLeft-300x240.jpg 300w, https:\/\/i3us.us.es\/wp-content\/uploads\/2020\/10\/DynamicLeft-768x614.jpg 768w, https:\/\/i3us.us.es\/wp-content\/uploads\/2020\/10\/DynamicLeft-1536x1229.jpg 1536w, https:\/\/i3us.us.es\/wp-content\/uploads\/2020\/10\/DynamicLeft-2048x1638.jpg 2048w\" sizes=\"(max-width: 610px) 100vw, 610px\" \/><\/figure><\/div>\n\n<\/div><\/div>\n\n<div class=\"gb-container gb-container-13a3b8e1\"><div class=\"gb-inside-container\">\n<div class=\"gb-grid-wrapper gb-grid-wrapper-4dd2b5aa\">\n<div class=\"gb-grid-column gb-grid-column-aca1368d\"><div class=\"gb-container gb-container-aca1368d\"><div class=\"gb-inside-container\">\n\n<h3 class=\"gb-headline gb-headline-f119d873 gb-headline-text\"><strong>Repercusi\u00f3n social<\/strong><\/h3>\n\n\n\n<p class=\"gb-headline gb-headline-f95da8bd gb-headline-text\">Orientar parte de nuestra investigaci\u00f3n hacia \u00e1reas donde los avances pueden tener mayor repercusi\u00f3n en la sociedad tales como ciudades inteligentes, inform\u00e1tica m\u00e9dica, ciberseguridad, ciencias de la vida, computaci\u00f3n en la nube y la educaci\u00f3n virtual<br><\/p>\n\n<\/div><\/div><\/div>\n\n<div class=\"gb-grid-column gb-grid-column-fb0ddcd5\"><div class=\"gb-container gb-container-fb0ddcd5\"><div class=\"gb-inside-container\">\n\n<h3 class=\"gb-headline gb-headline-258bacbd gb-headline-text\"><strong>Cooperaci\u00f3n <\/strong><\/h3>\n\n\n\n<p class=\"gb-headline gb-headline-50344dbf gb-headline-text\"><br>Fomentar la multidisciplinaridad y la interdisciplinaridad entre los miembros del I3US, y de sus instituciones colaboradoras tanto del tejido productivo, como de las Administraciones P\u00fablicas. Implicar a m\u00e1s disciplinas implica enriquecer la soluci\u00f3n.<br><\/p>\n\n<\/div><\/div><\/div>\n\n<div class=\"gb-grid-column gb-grid-column-e11df0b3\"><div class=\"gb-container gb-container-e11df0b3\"><div class=\"gb-inside-container\">\n\n<h3 class=\"gb-headline gb-headline-f87ffda5 gb-headline-text\"><strong><strong>Consultor\u00eda <\/strong><\/strong><\/h3>\n\n\n\n<p class=\"gb-headline gb-headline-f82a9abf gb-headline-text\"><br>Convertir al I3US en el catalizador de los servicios de consultor\u00eda cient\u00edfico-t\u00e9cnica en Ingenier\u00eda Inform\u00e1tica, ofertables a las instituciones colaboradoras y a la propia Universidad de Sevilla. Esto hace que I3US sea \u00fatil y sea una referencia en las \u00e1reas que se trabajan.<br><\/p>\n\n<\/div><\/div><\/div>\n\n<div class=\"gb-grid-column gb-grid-column-c325c769\"><div class=\"gb-container gb-container-c325c769\"><div class=\"gb-inside-container\">\n\n<h3 class=\"gb-headline gb-headline-718f62fa gb-headline-text\"><strong><strong>Divulgaci\u00f3n<\/strong><\/strong><\/h3>\n\n\n\n<p class=\"gb-headline gb-headline-d04bc5e4 gb-headline-text\"><br>Aumentar la conciencia entre sus miembros de la importancia de divulgar el conocimiento generado. La comunicaci\u00f3n siempre ha sido tan importante como los resultados y en el contexto actual m\u00e1s todav\u00eda si cabe. La divulgaci\u00f3n hace crecer el conocimiento.<br><\/p>\n\n<\/div><\/div><\/div>\n<\/div>\n<\/div><\/div>\n\n<div class=\"gb-container gb-container-64ee471c alignfull\"><div class=\"gb-inside-container\">\n<div class=\"gb-grid-wrapper gb-grid-wrapper-65c63256\">\n<div class=\"gb-grid-column gb-grid-column-160cb925\"><div class=\"gb-container gb-container-160cb925\"><div class=\"gb-inside-container\">\n\n<h3 class=\"gb-headline gb-headline-64aa3636 gb-headline-text\">MISI\u00d3N<\/h3>\n\n<\/div><\/div><\/div>\n<\/div>\n<\/div><\/div>\n\n<div class=\"gb-container gb-container-4c389987\"><div class=\"gb-inside-container\">\n<div class=\"gb-grid-wrapper gb-grid-wrapper-75f1d105\">\n<div class=\"gb-grid-column gb-grid-column-b15f18b5\"><div class=\"gb-container gb-container-b15f18b5\"><div class=\"gb-inside-container\"><\/div><\/div><\/div>\n\n<div class=\"gb-grid-column gb-grid-column-449f0960\"><div class=\"gb-container gb-container-449f0960\"><div class=\"gb-inside-container\">\n\n<h4 class=\"gb-headline gb-headline-fed9a61c gb-headline-text\">La misi\u00f3n del I3US es investigar, gestionar y transferir tecnolog\u00eda y conocimiento cient\u00edfico tecnol\u00f3gico en el \u00e1rea de Ingenier\u00eda Inform\u00e1tica con el objetivo de facilitar el progreso en diversos \u00e1mbitos, con especial \u00e9nfasis en los sectores industrial, energ\u00e9tico, medioambiental, de la salud y la calidad de vida.<\/h4>\n\n<\/div><\/div><\/div>\n<\/div>\n<\/div><\/div>\n\n<div class=\"gb-container gb-container-cc808f25\"><div class=\"gb-inside-container\">\n<div class=\"gb-grid-wrapper gb-grid-wrapper-da8b479c\">\n<div class=\"gb-grid-column gb-grid-column-894a6438\"><div class=\"gb-container gb-container-894a6438\"><div class=\"gb-inside-container\">\n\n<h3 class=\"gb-headline gb-headline-698825ae gb-headline-text\"><strong><strong>Buscar la excelencia cient\u00edfica y t\u00e9cnica<\/strong><\/strong><\/h3>\n\n\n\n<p class=\"gb-headline gb-headline-633ba9a0 gb-headline-text\"><br>Lograr avances cient\u00edficos y tecnol\u00f3gicos.<br>Ser reconocido internacionalmente como centro de referencia.<br>Fomentar la cooperaci\u00f3n multidisciplinar e interdisciplinar.<br>Ser l\u00edderes en la servitizaci\u00f3n de resultados de investigaci\u00f3n.<\/p>\n\n<\/div><\/div><\/div>\n\n<div class=\"gb-grid-column gb-grid-column-bfceb396\"><div class=\"gb-container gb-container-bfceb396\"><div class=\"gb-inside-container\">\n\n<h3 class=\"gb-headline gb-headline-b203679d gb-headline-text\"><strong><strong><strong>Crear riqueza en <\/strong><\/strong><\/strong><br><strong><strong><strong>la regi\u00f3n<\/strong><\/strong><\/strong><\/h3>\n\n\n\n<p class=\"gb-headline gb-headline-4fa4edcd gb-headline-text\"><br>Aumentar la competitividad del tejido empresarial y de las AAPP. Fomentar el emprendimiento.<br>Gestionar y operar servicios inform\u00e1ticos de manera \u00f3ptima.<br>Divulgar resultados entendibles por la ciudadan\u00eda.<\/p>\n\n<\/div><\/div><\/div>\n\n<div class=\"gb-grid-column gb-grid-column-02eb5fda\"><div class=\"gb-container gb-container-02eb5fda\"><div class=\"gb-inside-container\">\n\n<h3 class=\"gb-headline gb-headline-6329773f gb-headline-text\"><strong><strong><strong><strong>Apoyo a la Ingenier\u00eda Inform\u00e1tica en la Universidad de Sevilla<\/strong><\/strong><\/strong><\/strong><\/h3>\n\n\n\n<p class=\"gb-headline gb-headline-431612e3 gb-headline-text\">Cooperar con los Servicios Centrales de Investigaci\u00f3n.<br>Coordinar la gesti\u00f3n de servicios computacionales en la nube.<br>Participar activamente en la estrategia de digitalizaci\u00f3n.<\/p>\n\n<\/div><\/div><\/div>\n<\/div>\n<\/div><\/div>","protected":false},"excerpt":{"rendered":"<p>VALORES La hip\u00f3tesis de partida del I3US es que la Ingenier\u00eda inform\u00e1tica est\u00e1 presente en casi todas las \u00e1reas de conocimiento, pero no se le saca todo el partido posible. Existe por tanto un amplio margen de mejora en las soluciones adoptadas para muchos problemas de Ingenier\u00eda Inform\u00e1tica y en particular en los que concurren &#8230; <a title=\"Visi\u00f3n, Misi\u00f3n y Valores\" class=\"read-more\" href=\"https:\/\/i3us.us.es\/?page_id=4549\" aria-label=\"M\u00e1s en Visi\u00f3n, Misi\u00f3n y Valores\">Leer m\u00e1s<\/a><\/p>\n","protected":false},"author":1,"featured_media":0,"parent":0,"menu_order":0,"comment_status":"closed","ping_status":"closed","template":"","meta":{"footnotes":""},"_links":{"self":[{"href":"https:\/\/i3us.us.es\/index.php?rest_route=\/wp\/v2\/pages\/4549"}],"collection":[{"href":"https:\/\/i3us.us.es\/index.php?rest_route=\/wp\/v2\/pages"}],"about":[{"href":"https:\/\/i3us.us.es\/index.php?rest_route=\/wp\/v2\/types\/page"}],"author":[{"embeddable":true,"href":"https:\/\/i3us.us.es\/index.php?rest_route=\/wp\/v2\/users\/1"}],"replies":[{"embeddable":true,"href":"https:\/\/i3us.us.es\/index.php?rest_route=%2Fwp%2Fv2%2Fcomments&post=4549"}],"version-history":[{"count":77,"href":"https:\/\/i3us.us.es\/index.php?rest_route=\/wp\/v2\/pages\/4549\/revisions"}],"predecessor-version":[{"id":5461,"href":"https:\/\/i3us.us.es\/index.php?rest_route=\/wp\/v2\/pages\/4549\/revisions\/5461"}],"wp:attachment":[{"href":"https:\/\/i3us.us.es\/index.php?rest_route=%2Fwp%2Fv2%2Fmedia&parent=4549"}],"curies":[{"name":"wp","href":"https:\/\/api.w.org\/{rel}","templated":true}]}}